{"id":9,"date":"2022-02-03T22:34:18","date_gmt":"2022-02-03T22:34:18","guid":{"rendered":"https:\/\/frogmi.com\/lp\/?page_id=9"},"modified":"2022-02-03T22:36:18","modified_gmt":"2022-02-03T22:36:18","slug":"inicio","status":"publish","type":"page","link":"https:\/\/frogmi.com\/lp\/","title":{"rendered":"Inicio"},"content":{"rendered":"\n[xyz-ips snippet=\u00bbRedirect\u00bb]\n\n\n\n<p><\/p>\n\n\n\n<p>hola<\/p>\n","protected":false},"excerpt":{"rendered":"<p>[xyz-ips snippet=\u00bbRedirect\u00bb] hola<\/p>\n","protected":false},"author":1,"featured_media":0,"parent":0,"menu_order":0,"comment_status":"closed","ping_status":"closed","template":"","meta":{"footnotes":""},"class_list":["post-9","page","type-page","status-publish","hentry"],"acf":[],"yoast_head":"<!-- This site is optimized with the Yoast SEO plugin v26.3 - https:\/\/yoast.com\/wordpress\/plugins\/seo\/ -->\n<title>Inicio - Frogmi<\/title>\n<meta name=\"robots\" content=\"noindex, follow, max-snippet:-1, max-image-preview:large, max-video-preview:-1\" \/>\n<meta property=\"og:locale\" content=\"es_ES\" \/>\n<meta property=\"og:type\" content=\"article\" \/>\n<meta property=\"og:title\" content=\"Inicio - Frogmi\" \/>\n<meta property=\"og:description\" content=\"[xyz-ips snippet=\u00bbRedirect\u00bb] hola\" \/>\n<meta property=\"og:url\" content=\"https:\/\/frogmi.com\/lp\/\" \/>\n<meta property=\"og:site_name\" content=\"Frogmi\" \/>\n<meta property=\"article:modified_time\" content=\"2022-02-03T22:36:18+00:00\" \/>\n<meta name=\"twitter:card\" content=\"summary_large_image\" \/>\n<script type=\"application\/ld+json\" class=\"yoast-schema-graph\">{\"@context\":\"https:\/\/schema.org\",\"@graph\":[{\"@type\":\"WebPage\",\"@id\":\"https:\/\/frogmi.com\/lp\/\",\"url\":\"https:\/\/frogmi.com\/lp\/\",\"name\":\"Inicio - Frogmi\",\"isPartOf\":{\"@id\":\"https:\/\/frogmi.com\/lp\/#website\"},\"datePublished\":\"2022-02-03T22:34:18+00:00\",\"dateModified\":\"2022-02-03T22:36:18+00:00\",\"breadcrumb\":{\"@id\":\"https:\/\/frogmi.com\/lp\/#breadcrumb\"},\"inLanguage\":\"es\",\"potentialAction\":[{\"@type\":\"ReadAction\",\"target\":[\"https:\/\/frogmi.com\/lp\/\"]}]},{\"@type\":\"BreadcrumbList\",\"@id\":\"https:\/\/frogmi.com\/lp\/#breadcrumb\",\"itemListElement\":[{\"@type\":\"ListItem\",\"position\":1,\"name\":\"Portada\",\"item\":\"https:\/\/frogmi.com\/lp\/\"},{\"@type\":\"ListItem\",\"position\":2,\"name\":\"Inicio\"}]},{\"@type\":\"WebSite\",\"@id\":\"https:\/\/frogmi.com\/lp\/#website\",\"url\":\"https:\/\/frogmi.com\/lp\/\",\"name\":\"Frogmi\",\"description\":\"Optimiza tu operaci\u00f3n, comunicaci\u00f3n y ejecuci\u00f3n en tienda.\",\"potentialAction\":[{\"@type\":\"SearchAction\",\"target\":{\"@type\":\"EntryPoint\",\"urlTemplate\":\"https:\/\/frogmi.com\/lp\/?s={search_term_string}\"},\"query-input\":{\"@type\":\"PropertyValueSpecification\",\"valueRequired\":true,\"valueName\":\"search_term_string\"}}],\"inLanguage\":\"es\"}]}<\/script>\n<!-- \/ Yoast SEO plugin. -->","yoast_head_json":{"title":"Inicio - Frogmi","robots":{"index":"noindex","follow":"follow","max-snippet":"max-snippet:-1","max-image-preview":"max-image-preview:large","max-video-preview":"max-video-preview:-1"},"og_locale":"es_ES","og_type":"article","og_title":"Inicio - Frogmi","og_description":"[xyz-ips snippet=\u00bbRedirect\u00bb] hola","og_url":"https:\/\/frogmi.com\/lp\/","og_site_name":"Frogmi","article_modified_time":"2022-02-03T22:36:18+00:00","twitter_card":"summary_large_image","schema":{"@context":"https:\/\/schema.org","@graph":[{"@type":"WebPage","@id":"https:\/\/frogmi.com\/lp\/","url":"https:\/\/frogmi.com\/lp\/","name":"Inicio - Frogmi","isPartOf":{"@id":"https:\/\/frogmi.com\/lp\/#website"},"datePublished":"2022-02-03T22:34:18+00:00","dateModified":"2022-02-03T22:36:18+00:00","breadcrumb":{"@id":"https:\/\/frogmi.com\/lp\/#breadcrumb"},"inLanguage":"es","potentialAction":[{"@type":"ReadAction","target":["https:\/\/frogmi.com\/lp\/"]}]},{"@type":"BreadcrumbList","@id":"https:\/\/frogmi.com\/lp\/#breadcrumb","itemListElement":[{"@type":"ListItem","position":1,"name":"Portada","item":"https:\/\/frogmi.com\/lp\/"},{"@type":"ListItem","position":2,"name":"Inicio"}]},{"@type":"WebSite","@id":"https:\/\/frogmi.com\/lp\/#website","url":"https:\/\/frogmi.com\/lp\/","name":"Frogmi","description":"Optimiza tu operaci\u00f3n, comunicaci\u00f3n y ejecuci\u00f3n en tienda.","potentialAction":[{"@type":"SearchAction","target":{"@type":"EntryPoint","urlTemplate":"https:\/\/frogmi.com\/lp\/?s={search_term_string}"},"query-input":{"@type":"PropertyValueSpecification","valueRequired":true,"valueName":"search_term_string"}}],"inLanguage":"es"}]}},"_links":{"self":[{"href":"https:\/\/frogmi.com\/lp\/wp-json\/wp\/v2\/pages\/9","targetHints":{"allow":["GET"]}}],"collection":[{"href":"https:\/\/frogmi.com\/lp\/wp-json\/wp\/v2\/pages"}],"about":[{"href":"https:\/\/frogmi.com\/lp\/wp-json\/wp\/v2\/types\/page"}],"author":[{"embeddable":true,"href":"https:\/\/frogmi.com\/lp\/wp-json\/wp\/v2\/users\/1"}],"replies":[{"embeddable":true,"href":"https:\/\/frogmi.com\/lp\/wp-json\/wp\/v2\/comments?post=9"}],"version-history":[{"count":3,"href":"https:\/\/frogmi.com\/lp\/wp-json\/wp\/v2\/pages\/9\/revisions"}],"predecessor-version":[{"id":12,"href":"https:\/\/frogmi.com\/lp\/wp-json\/wp\/v2\/pages\/9\/revisions\/12"}],"wp:attachment":[{"href":"https:\/\/frogmi.com\/lp\/wp-json\/wp\/v2\/media?parent=9"}],"curies":[{"name":"wp","href":"https:\/\/api.w.org\/{rel}","templated":true}]}}