{"id":244,"date":"2022-08-17T16:14:24","date_gmt":"2022-08-17T16:14:24","guid":{"rendered":"https:\/\/frogmi.com\/lp\/?page_id=244"},"modified":"2025-01-21T17:01:48","modified_gmt":"2025-01-21T20:01:48","slug":"5-pilares-para-acercarse-a-la-tienda-perfecta-b","status":"publish","type":"page","link":"https:\/\/frogmi.com\/lp\/5-pilares-para-acercarse-a-la-tienda-perfecta-b\/","title":{"rendered":"5 pilares para acercarse a la tienda perfecta b"},"content":{"rendered":"<p>[vc_section full_width=\u00bbstretch_row\u00bb css=\u00bb.vc_custom_1734546651917{margin-top: -40px !important;padding-top: 60px !important;padding-bottom: 60px !important;background-image: url(https:\/\/frogmi.com\/lp\/wp-content\/uploads\/2024\/09\/fondo-5.svg?id=1053) !important;background-position: center !important;background-repeat: no-repeat !important;background-size: cover !important;}\u00bb woodmart_css_id=\u00bb676314d8bcc0d\u00bb responsive_spacing=\u00bbeyJwYXJhbV90eXBlIjoid29vZG1hcnRfcmVzcG9uc2l2ZV9zcGFjaW5nIiwic2VsZWN0b3JfaWQiOiI2NzYzMTRkOGJjYzBkIiwic2hvcnRjb2RlIjoidmNfc2VjdGlvbiIsImRhdGEiOnsidGFibGV0Ijp7fSwibW9iaWxlIjp7fX19&#8243; mobile_bg_img_hidden=\u00bbno\u00bb tablet_bg_img_hidden=\u00bbno\u00bb woodmart_parallax=\u00bb0&#8243; woodmart_gradient_switch=\u00bbno\u00bb woodmart_box_shadow=\u00bbno\u00bb wd_z_index=\u00bbno\u00bb woodmart_disable_overflow=\u00bb0&#8243;][vc_row][vc_column width=\u00bb7\/12&#8243;]\t\t\t<link rel=\"stylesheet\" id=\"wd-section-title-css\" href=\"https:\/\/frogmi.com\/lp\/wp-content\/themes\/woodmart\/css\/parts\/el-section-title.min.css?ver=7.6.0\" type=\"text\/css\" media=\"all\" \/> \t\t\t\t\t\t<link rel=\"stylesheet\" id=\"wd-mod-highlighted-text-css\" href=\"https:\/\/frogmi.com\/lp\/wp-content\/themes\/woodmart\/css\/parts\/mod-highlighted-text.min.css?ver=7.6.0\" type=\"text\/css\" media=\"all\" \/> \t\t\t\n\t\t<div id=\"wd-6763134d4fc1b\" class=\"title-wrapper wd-wpb set-mb-s reset-last-child  wd-rs-6763134d4fc1b wd-title-color-default wd-title-style-default text-left  wd-underline-colored\">\n\t\t\t\t\t\t\t<div class=\"title-subtitle  subtitle-color-default font-default subtitle-style-default wd-font-weight- wd-fontsize-m\">eBook<\/div>\n\t\t\t\n\t\t\t<div class=\"liner-continer\">\n\t\t\t\t<h4 class=\"woodmart-title-container title  wd-font-weight- wd-fontsize-xxxl\" >5 pilares para acercarse a la tienda perfecta<\/h4>\n\t\t\t\t\t\t\t<\/div>\n\t\t\t\n\t\t\t\n\t\t\t\n\t\t<\/div>\n\t\t\n\t\t\t\t\t<link rel=\"stylesheet\" id=\"wd-text-block-css\" href=\"https:\/\/frogmi.com\/lp\/wp-content\/themes\/woodmart\/css\/parts\/el-text-block.min.css?ver=7.6.0\" type=\"text\/css\" media=\"all\" \/> \t\t\t\t\t<div id=\"wd-67631303b12d8\" class=\"wd-text-block wd-wpb reset-last-child wd-rs-67631303b12d8 text-left \">\n\t\t\t<p>\u00bfCu\u00e1nto dejas de vender por una mala ejecuci\u00f3n en el punto de venta?<\/p>\n<p>Conoce las caracter\u00edsticas que conforman una Tienda Perfecta para optimizar la ejecuci\u00f3n en el punto de venta y mejorar tus resultados.<\/p>\n\t\t<\/div>\n\t\t[vc_row_inner][vc_column_inner width=\u00bb1\/2&#8243;]\t\t<div id=\"wd-6763131ba2572\" class=\"wd-image wd-wpb wd-rs-6763131ba2572 text-left \">\n\t\t\t\n\t\t\t<img loading=\"lazy\" decoding=\"async\" width=\"778\" height=\"1000\" src=\"https:\/\/frogmi.com\/lp\/wp-content\/uploads\/2024\/12\/img-ebook-es-1.jpg\" class=\"attachment-full size-full\" alt=\"\" srcset=\"https:\/\/frogmi.com\/lp\/wp-content\/uploads\/2024\/12\/img-ebook-es-1.jpg 778w, https:\/\/frogmi.com\/lp\/wp-content\/uploads\/2024\/12\/img-ebook-es-1-233x300.jpg 233w, https:\/\/frogmi.com\/lp\/wp-content\/uploads\/2024\/12\/img-ebook-es-1-768x987.jpg 768w\" sizes=\"auto, (max-width: 778px) 100vw, 778px\" \/>\n\t\t\t\t\t<\/div>\n\t\t[\/vc_column_inner][vc_column_inner width=\u00bb1\/2&#8243;]\t\t\t<link rel=\"stylesheet\" id=\"wd-list-css\" href=\"https:\/\/frogmi.com\/lp\/wp-content\/themes\/woodmart\/css\/parts\/el-list.min.css?ver=7.6.0\" type=\"text\/css\" media=\"all\" \/> \t\t\t\n\t\t<ul class=\" wd-rs-6763136ab2056 wd-list wd-wpb color-scheme- wd-fontsize-xs wd-list-type-icon wd-list-style-default wd-justify-left \" id=\"wd-6763136ab2056\">\n\t\t\t\t\t\t\t\t\t\t\t<li>\n\t\t\t\t\t<img loading=\"lazy\" decoding=\"async\"  src=\"https:\/\/frogmi.com\/lp\/wp-content\/uploads\/2024\/12\/ticket-azul-landing-2-1-1.svg\" title=\"ticket-azul-landing-2 (1)\" width=\"47\" height=\"47\">\n\t\t\t\t\t<span class=\"list-content\">Aprender\u00e1s c\u00f3mo las caminatas en tienda y el uso de IA pueden contribuir a mejorar la disponibilidad en gondola.<\/span>\n\t\t\t\t\t\t\t\t\t<\/li>\n\t\t\t\t\t\t\t\t\t\t\t<li>\n\t\t\t\t\t<img loading=\"lazy\" decoding=\"async\"  src=\"https:\/\/frogmi.com\/lp\/wp-content\/uploads\/2024\/12\/ticket-azul-landing-2-1-1.svg\" title=\"ticket-azul-landing-2 (1)\" width=\"47\" height=\"47\">\n\t\t\t\t\t<span class=\"list-content\">C\u00f3mo mejorar el control de inventario y reducir el indicador de merma.<\/span>\n\t\t\t\t\t\t\t\t\t<\/li>\n\t\t\t\t\t\t\t\t\t\t\t<li>\n\t\t\t\t\t<img loading=\"lazy\" decoding=\"async\"  src=\"https:\/\/frogmi.com\/lp\/wp-content\/uploads\/2024\/12\/ticket-azul-landing-2-1-1.svg\" title=\"ticket-azul-landing-2 (1)\" width=\"47\" height=\"47\">\n\t\t\t\t\t<span class=\"list-content\">Mitos acerca del nivel de implementaci\u00f3n de actividades promocionales en tienda.<\/span>\n\t\t\t\t\t\t\t\t\t<\/li>\n\t\t\t\t\t\t\t\t\t\t\t<li>\n\t\t\t\t\t<img loading=\"lazy\" decoding=\"async\"  src=\"https:\/\/frogmi.com\/lp\/wp-content\/uploads\/2024\/12\/ticket-azul-landing-2-1-1.svg\" title=\"ticket-azul-landing-2 (1)\" width=\"47\" height=\"47\">\n\t\t\t\t\t<span class=\"list-content\">C\u00f3mo el apoyo de herramientas de gesti\u00f3n a nivel SKU pueden ayudarte a aumentar tu rentabilidad por m2, y m\u00e1s<\/span>\n\t\t\t\t\t\t\t\t\t<\/li>\n\t\t\t\t\t<\/ul>\n\t\t[\/vc_column_inner][\/vc_row_inner][\/vc_column][vc_column width=\u00bb5\/12&#8243;][vc_row_inner el_class=\u00bbform-1&#8243; woodmart_css_id=\u00bb6763149811aa9&#8243; responsive_spacing=\u00bbeyJwYXJhbV90eXBlIjoid29vZG1hcnRfcmVzcG9uc2l2ZV9zcGFjaW5nIiwic2VsZWN0b3JfaWQiOiI2NzYzMTQ5ODExYWE5Iiwic2hvcnRjb2RlIjoidmNfcm93X2lubmVyIiwiZGF0YSI6eyJ0YWJsZXQiOnt9LCJtb2JpbGUiOnt9fX0=\u00bb mobile_bg_img_hidden=\u00bbno\u00bb tablet_bg_img_hidden=\u00bbno\u00bb woodmart_parallax=\u00bb0&#8243; woodmart_gradient_switch=\u00bbno\u00bb woodmart_box_shadow=\u00bbno\u00bb wd_z_index=\u00bbno\u00bb woodmart_disable_overflow=\u00bb0&#8243; row_reverse_mobile=\u00bb0&#8243; row_reverse_tablet=\u00bb0&#8243;][vc_column_inner el_class=\u00bbform-2&#8243; woodmart_css_id=\u00bb6763149d1bd0d\u00bb parallax_scroll=\u00bbno\u00bb woodmart_sticky_column=\u00bbfalse\u00bb wd_collapsible_content_switcher=\u00bbno\u00bb wd_column_role_offcanvas_desktop=\u00bbno\u00bb wd_column_role_offcanvas_tablet=\u00bbno\u00bb wd_column_role_offcanvas_mobile=\u00bbno\u00bb wd_column_role_content_desktop=\u00bbno\u00bb wd_column_role_content_tablet=\u00bbno\u00bb wd_column_role_content_mobile=\u00bbno\u00bb mobile_bg_img_hidden=\u00bbno\u00bb tablet_bg_img_hidden=\u00bbno\u00bb woodmart_parallax=\u00bb0&#8243; woodmart_box_shadow=\u00bbno\u00bb responsive_spacing=\u00bbeyJwYXJhbV90eXBlIjoid29vZG1hcnRfcmVzcG9uc2l2ZV9zcGFjaW5nIiwic2VsZWN0b3JfaWQiOiI2NzYzMTQ5ZDFiZDBkIiwic2hvcnRjb2RlIjoidmNfY29sdW1uX2lubmVyIiwiZGF0YSI6eyJ0YWJsZXQiOnt9LCJtb2JpbGUiOnt9fX0=\u00bb wd_z_index=\u00bbno\u00bb]\t\t<div id=\"wd-676314a474811\" class=\"wd-text-block wd-wpb reset-last-child wd-rs-676314a474811 text-center \">\n\t\t\t<h3 class=\"titulo-form-b\">Quieres impulsar tus ventas y retorno de acciones comerciales en tienda?<\/h3>\n<p class=\"sub-titulo-form-b\">Descarga gratis este eBook y conoce los 5 pilares para acercarse a la tienda perfecta.<\/p>\n\t\t<\/div>\n\t\t\n<div class=\"wpcf7 no-js\" id=\"wpcf7-f249-o1\" lang=\"es-ES\" dir=\"ltr\" data-wpcf7-id=\"249\">\n<div class=\"screen-reader-response\"><p role=\"status\" aria-live=\"polite\" aria-atomic=\"true\"><\/p> <ul><\/ul><\/div>\n<form action=\"\/lp\/wp-json\/wp\/v2\/pages\/244#wpcf7-f249-o1\" method=\"post\" class=\"wpcf7-form init\" aria-label=\"Formulario de contacto\" novalidate=\"novalidate\" data-status=\"init\">\n<fieldset class=\"hidden-fields-container\"><input type=\"hidden\" name=\"_wpcf7\" value=\"249\" \/><input type=\"hidden\" name=\"_wpcf7_version\" value=\"6.1.3\" \/><input type=\"hidden\" name=\"_wpcf7_locale\" value=\"es_ES\" \/><input type=\"hidden\" name=\"_wpcf7_unit_tag\" value=\"wpcf7-f249-o1\" \/><input type=\"hidden\" name=\"_wpcf7_container_post\" value=\"0\" \/><input type=\"hidden\" name=\"_wpcf7_posted_data_hash\" value=\"\" \/><input type=\"hidden\" name=\"_wpcf7_recaptcha_response\" value=\"\" \/>\n<\/fieldset>\n<div class=\"row\">\n\t<div class=\"col-md-12\" style='margin-bottom:20px;'>\n\t\t<p><span class=\"wpcf7-form-control-wrap\" data-name=\"your-name\"><input size=\"40\" maxlength=\"400\" class=\"wpcf7-form-control wpcf7-text wpcf7-validates-as-required\" aria-required=\"true\" aria-invalid=\"false\" placeholder=\"Nombre\" value=\"\" type=\"text\" name=\"your-name\" \/><\/span>\n\t\t<\/p>\n\t<\/div>\n\t<div class=\"col-md-12\" style='margin-bottom:20px;'>\n\t\t<p><span class=\"wpcf7-form-control-wrap\" data-name=\"your-email\"><input size=\"40\" maxlength=\"400\" class=\"wpcf7-form-control wpcf7-email wpcf7-validates-as-required wpcf7-text wpcf7-validates-as-email\" aria-required=\"true\" aria-invalid=\"false\" placeholder=\"Email\" value=\"\" type=\"email\" name=\"your-email\" \/><\/span>\n\t\t<\/p>\n\t<\/div>\n<\/div>\n<div class=\"row\">\n\t<div class=\"col-md-12\" style='margin-bottom:20px;'>\n\t\t<p><span class=\"wpcf7-form-control-wrap\" data-name=\"empresa\"><input size=\"40\" maxlength=\"400\" class=\"wpcf7-form-control wpcf7-text wpcf7-validates-as-required\" aria-required=\"true\" aria-invalid=\"false\" placeholder=\"Empresa\" value=\"\" type=\"text\" name=\"empresa\" \/><\/span>\n\t\t<\/p>\n\t<\/div>\n\t<div class=\"col-md-12\" style='margin-bottom:20px;'>\n\t\t<p><span class=\"wpcf7-form-control-wrap\" data-name=\"pais\"><input size=\"40\" maxlength=\"400\" class=\"wpcf7-form-control wpcf7-text wpcf7-validates-as-required\" aria-required=\"true\" aria-invalid=\"false\" placeholder=\"Pa\u00eds\" value=\"\" type=\"text\" name=\"pais\" \/><\/span>\n\t\t<\/p>\n\t<\/div>\n<\/div>\n<p class=\"form-politicas\">Al suscribirte est\u00e1s aceptando nuestras <a href=\"https:\/\/frogmi.com\/politicas-de-privacidad\/\" target=\"_blank\">pol\u00edticas de privacidad<\/a>. Puedes cancelar la suscripci\u00f3n en cualquier momento.\n<\/p>\n<p class=\"text-left\"><input class=\"wpcf7-form-control wpcf7-submit has-spinner btn-primary\" type=\"submit\" value=\"Descargar eBook\" \/>\n<\/p><div class=\"wpcf7-response-output\" aria-hidden=\"true\"><\/div>\n<\/form>\n<\/div>\n[\/vc_column_inner][\/vc_row_inner][\/vc_column][\/vc_row][\/vc_section]<\/p>\n","protected":false},"excerpt":{"rendered":"<p>[vc_section full_width=\u00bbstretch_row\u00bb css=\u00bb.vc_custom_1734546651917{margin-top: -40px !important;padding-top: 60px !important;padding-bottom: 60px !important;background-image: url(https:\/\/frogmi.com\/lp\/wp-content\/uploads\/2024\/09\/fondo-5.svg?id=1053) !important;background-position: center !important;background-repeat: no-repeat !important;background-size: cover !important;}\u00bb woodmart_css_id=\u00bb676314d8bcc0d\u00bb responsive_spacing=\u00bbeyJwYXJhbV90eXBlIjoid29vZG1hcnRfcmVzcG9uc2l2ZV9zcGFjaW5nIiwic2VsZWN0b3JfaWQiOiI2NzYzMTRkOGJjYzBkIiwic2hvcnRjb2RlIjoidmNfc2VjdGlvbiIsImRhdGEiOnsidGFibGV0Ijp7fSwibW9iaWxlIjp7fX19&#8243; mobile_bg_img_hidden=\u00bbno\u00bb<\/p>\n","protected":false},"author":1,"featured_media":0,"parent":0,"menu_order":0,"comment_status":"closed","ping_status":"closed","template":"","meta":{"footnotes":""},"class_list":["post-244","page","type-page","status-publish","hentry"],"acf":[],"yoast_head":"<!-- This site is optimized with the Yoast SEO plugin v26.3 - https:\/\/yoast.com\/wordpress\/plugins\/seo\/ -->\n<title>5 pilares para acercarse a la tienda perfecta b - Frogmi<\/title>\n<meta name=\"robots\" content=\"noindex, follow, max-snippet:-1, max-image-preview:large, max-video-preview:-1\" \/>\n<meta property=\"og:locale\" content=\"es_ES\" \/>\n<meta property=\"og:type\" content=\"article\" \/>\n<meta property=\"og:title\" content=\"5 pilares para acercarse a la tienda perfecta b - Frogmi\" \/>\n<meta property=\"og:description\" content=\"[vc_section full_width=\u00bbstretch_row\u00bb css=\u00bb.vc_custom_1734546651917{margin-top: -40px !important;padding-top: 60px !important;padding-bottom: 60px !important;background-image: url(https:\/\/frogmi.com\/lp\/wp-content\/uploads\/2024\/09\/fondo-5.svg?id=1053) !important;background-position: center !important;background-repeat: no-repeat !important;background-size: cover !important;}\u00bb woodmart_css_id=\u00bb676314d8bcc0d\u00bb responsive_spacing=\u00bbeyJwYXJhbV90eXBlIjoid29vZG1hcnRfcmVzcG9uc2l2ZV9zcGFjaW5nIiwic2VsZWN0b3JfaWQiOiI2NzYzMTRkOGJjYzBkIiwic2hvcnRjb2RlIjoidmNfc2VjdGlvbiIsImRhdGEiOnsidGFibGV0Ijp7fSwibW9iaWxlIjp7fX19&#8243; mobile_bg_img_hidden=\u00bbno\u00bb\" \/>\n<meta property=\"og:url\" content=\"https:\/\/frogmi.com\/lp\/5-pilares-para-acercarse-a-la-tienda-perfecta-b\/\" \/>\n<meta property=\"og:site_name\" content=\"Frogmi\" \/>\n<meta property=\"article:modified_time\" content=\"2025-01-21T20:01:48+00:00\" \/>\n<meta name=\"twitter:card\" content=\"summary_large_image\" \/>\n<meta name=\"twitter:label1\" content=\"Tiempo de lectura\" \/>\n\t<meta name=\"twitter:data1\" content=\"4 minutos\" \/>\n<script type=\"application\/ld+json\" class=\"yoast-schema-graph\">{\"@context\":\"https:\/\/schema.org\",\"@graph\":[{\"@type\":\"WebPage\",\"@id\":\"https:\/\/frogmi.com\/lp\/5-pilares-para-acercarse-a-la-tienda-perfecta-b\/\",\"url\":\"https:\/\/frogmi.com\/lp\/5-pilares-para-acercarse-a-la-tienda-perfecta-b\/\",\"name\":\"5 pilares para acercarse a la tienda perfecta b - Frogmi\",\"isPartOf\":{\"@id\":\"https:\/\/frogmi.com\/lp\/#website\"},\"datePublished\":\"2022-08-17T16:14:24+00:00\",\"dateModified\":\"2025-01-21T20:01:48+00:00\",\"breadcrumb\":{\"@id\":\"https:\/\/frogmi.com\/lp\/5-pilares-para-acercarse-a-la-tienda-perfecta-b\/#breadcrumb\"},\"inLanguage\":\"es\",\"potentialAction\":[{\"@type\":\"ReadAction\",\"target\":[\"https:\/\/frogmi.com\/lp\/5-pilares-para-acercarse-a-la-tienda-perfecta-b\/\"]}]},{\"@type\":\"BreadcrumbList\",\"@id\":\"https:\/\/frogmi.com\/lp\/5-pilares-para-acercarse-a-la-tienda-perfecta-b\/#breadcrumb\",\"itemListElement\":[{\"@type\":\"ListItem\",\"position\":1,\"name\":\"Portada\",\"item\":\"https:\/\/frogmi.com\/lp\/\"},{\"@type\":\"ListItem\",\"position\":2,\"name\":\"5 pilares para acercarse a la tienda perfecta b\"}]},{\"@type\":\"WebSite\",\"@id\":\"https:\/\/frogmi.com\/lp\/#website\",\"url\":\"https:\/\/frogmi.com\/lp\/\",\"name\":\"Frogmi\",\"description\":\"Optimiza tu operaci\u00f3n, comunicaci\u00f3n y ejecuci\u00f3n en tienda.\",\"potentialAction\":[{\"@type\":\"SearchAction\",\"target\":{\"@type\":\"EntryPoint\",\"urlTemplate\":\"https:\/\/frogmi.com\/lp\/?s={search_term_string}\"},\"query-input\":{\"@type\":\"PropertyValueSpecification\",\"valueRequired\":true,\"valueName\":\"search_term_string\"}}],\"inLanguage\":\"es\"}]}<\/script>\n<!-- \/ Yoast SEO plugin. -->","yoast_head_json":{"title":"5 pilares para acercarse a la tienda perfecta b - Frogmi","robots":{"index":"noindex","follow":"follow","max-snippet":"max-snippet:-1","max-image-preview":"max-image-preview:large","max-video-preview":"max-video-preview:-1"},"og_locale":"es_ES","og_type":"article","og_title":"5 pilares para acercarse a la tienda perfecta b - Frogmi","og_description":"[vc_section full_width=\u00bbstretch_row\u00bb css=\u00bb.vc_custom_1734546651917{margin-top: -40px !important;padding-top: 60px !important;padding-bottom: 60px !important;background-image: url(https:\/\/frogmi.com\/lp\/wp-content\/uploads\/2024\/09\/fondo-5.svg?id=1053) !important;background-position: center !important;background-repeat: no-repeat !important;background-size: cover !important;}\u00bb woodmart_css_id=\u00bb676314d8bcc0d\u00bb responsive_spacing=\u00bbeyJwYXJhbV90eXBlIjoid29vZG1hcnRfcmVzcG9uc2l2ZV9zcGFjaW5nIiwic2VsZWN0b3JfaWQiOiI2NzYzMTRkOGJjYzBkIiwic2hvcnRjb2RlIjoidmNfc2VjdGlvbiIsImRhdGEiOnsidGFibGV0Ijp7fSwibW9iaWxlIjp7fX19&#8243; mobile_bg_img_hidden=\u00bbno\u00bb","og_url":"https:\/\/frogmi.com\/lp\/5-pilares-para-acercarse-a-la-tienda-perfecta-b\/","og_site_name":"Frogmi","article_modified_time":"2025-01-21T20:01:48+00:00","twitter_card":"summary_large_image","twitter_misc":{"Tiempo de lectura":"4 minutos"},"schema":{"@context":"https:\/\/schema.org","@graph":[{"@type":"WebPage","@id":"https:\/\/frogmi.com\/lp\/5-pilares-para-acercarse-a-la-tienda-perfecta-b\/","url":"https:\/\/frogmi.com\/lp\/5-pilares-para-acercarse-a-la-tienda-perfecta-b\/","name":"5 pilares para acercarse a la tienda perfecta b - Frogmi","isPartOf":{"@id":"https:\/\/frogmi.com\/lp\/#website"},"datePublished":"2022-08-17T16:14:24+00:00","dateModified":"2025-01-21T20:01:48+00:00","breadcrumb":{"@id":"https:\/\/frogmi.com\/lp\/5-pilares-para-acercarse-a-la-tienda-perfecta-b\/#breadcrumb"},"inLanguage":"es","potentialAction":[{"@type":"ReadAction","target":["https:\/\/frogmi.com\/lp\/5-pilares-para-acercarse-a-la-tienda-perfecta-b\/"]}]},{"@type":"BreadcrumbList","@id":"https:\/\/frogmi.com\/lp\/5-pilares-para-acercarse-a-la-tienda-perfecta-b\/#breadcrumb","itemListElement":[{"@type":"ListItem","position":1,"name":"Portada","item":"https:\/\/frogmi.com\/lp\/"},{"@type":"ListItem","position":2,"name":"5 pilares para acercarse a la tienda perfecta b"}]},{"@type":"WebSite","@id":"https:\/\/frogmi.com\/lp\/#website","url":"https:\/\/frogmi.com\/lp\/","name":"Frogmi","description":"Optimiza tu operaci\u00f3n, comunicaci\u00f3n y ejecuci\u00f3n en tienda.","potentialAction":[{"@type":"SearchAction","target":{"@type":"EntryPoint","urlTemplate":"https:\/\/frogmi.com\/lp\/?s={search_term_string}"},"query-input":{"@type":"PropertyValueSpecification","valueRequired":true,"valueName":"search_term_string"}}],"inLanguage":"es"}]}},"_links":{"self":[{"href":"https:\/\/frogmi.com\/lp\/wp-json\/wp\/v2\/pages\/244","targetHints":{"allow":["GET"]}}],"collection":[{"href":"https:\/\/frogmi.com\/lp\/wp-json\/wp\/v2\/pages"}],"about":[{"href":"https:\/\/frogmi.com\/lp\/wp-json\/wp\/v2\/types\/page"}],"author":[{"embeddable":true,"href":"https:\/\/frogmi.com\/lp\/wp-json\/wp\/v2\/users\/1"}],"replies":[{"embeddable":true,"href":"https:\/\/frogmi.com\/lp\/wp-json\/wp\/v2\/comments?post=244"}],"version-history":[{"count":12,"href":"https:\/\/frogmi.com\/lp\/wp-json\/wp\/v2\/pages\/244\/revisions"}],"predecessor-version":[{"id":1513,"href":"https:\/\/frogmi.com\/lp\/wp-json\/wp\/v2\/pages\/244\/revisions\/1513"}],"wp:attachment":[{"href":"https:\/\/frogmi.com\/lp\/wp-json\/wp\/v2\/media?parent=244"}],"curies":[{"name":"wp","href":"https:\/\/api.w.org\/{rel}","templated":true}]}}