{"id":233,"date":"2022-08-16T00:06:57","date_gmt":"2022-08-16T00:06:57","guid":{"rendered":"https:\/\/frogmi.com\/lp\/?page_id=233"},"modified":"2022-08-16T00:06:57","modified_gmt":"2022-08-16T00:06:57","slug":"5-pillars-to-reach-the-perfect-store","status":"publish","type":"page","link":"https:\/\/frogmi.com\/lp\/5-pillars-to-reach-the-perfect-store\/","title":{"rendered":"5 pillars to reach the perfect store"},"content":{"rendered":"","protected":false},"excerpt":{"rendered":"","protected":false},"author":1,"featured_media":0,"parent":0,"menu_order":0,"comment_status":"closed","ping_status":"closed","template":"","meta":{"footnotes":""},"class_list":["post-233","page","type-page","status-publish","hentry"],"acf":[],"yoast_head":"<!-- This site is optimized with the Yoast SEO plugin v26.3 - https:\/\/yoast.com\/wordpress\/plugins\/seo\/ -->\n<title>5 pillars to reach the perfect store - Frogmi<\/title>\n<meta name=\"robots\" content=\"noindex, follow, max-snippet:-1, max-image-preview:large, max-video-preview:-1\" \/>\n<meta property=\"og:locale\" content=\"es_ES\" \/>\n<meta property=\"og:type\" content=\"article\" \/>\n<meta property=\"og:title\" content=\"5 pillars to reach the perfect store - Frogmi\" \/>\n<meta property=\"og:url\" content=\"https:\/\/frogmi.com\/lp\/5-pillars-to-reach-the-perfect-store\/\" \/>\n<meta property=\"og:site_name\" content=\"Frogmi\" \/>\n<meta name=\"twitter:card\" content=\"summary_large_image\" \/>\n<script type=\"application\/ld+json\" class=\"yoast-schema-graph\">{\"@context\":\"https:\/\/schema.org\",\"@graph\":[{\"@type\":\"WebPage\",\"@id\":\"https:\/\/frogmi.com\/lp\/5-pillars-to-reach-the-perfect-store\/\",\"url\":\"https:\/\/frogmi.com\/lp\/5-pillars-to-reach-the-perfect-store\/\",\"name\":\"5 pillars to reach the perfect store - Frogmi\",\"isPartOf\":{\"@id\":\"https:\/\/frogmi.com\/lp\/#website\"},\"datePublished\":\"2022-08-16T00:06:57+00:00\",\"breadcrumb\":{\"@id\":\"https:\/\/frogmi.com\/lp\/5-pillars-to-reach-the-perfect-store\/#breadcrumb\"},\"inLanguage\":\"es\",\"potentialAction\":[{\"@type\":\"ReadAction\",\"target\":[\"https:\/\/frogmi.com\/lp\/5-pillars-to-reach-the-perfect-store\/\"]}]},{\"@type\":\"BreadcrumbList\",\"@id\":\"https:\/\/frogmi.com\/lp\/5-pillars-to-reach-the-perfect-store\/#breadcrumb\",\"itemListElement\":[{\"@type\":\"ListItem\",\"position\":1,\"name\":\"Portada\",\"item\":\"https:\/\/frogmi.com\/lp\/\"},{\"@type\":\"ListItem\",\"position\":2,\"name\":\"5 pillars to reach the perfect store\"}]},{\"@type\":\"WebSite\",\"@id\":\"https:\/\/frogmi.com\/lp\/#website\",\"url\":\"https:\/\/frogmi.com\/lp\/\",\"name\":\"Frogmi\",\"description\":\"Optimiza tu operaci\u00f3n, comunicaci\u00f3n y ejecuci\u00f3n en tienda.\",\"potentialAction\":[{\"@type\":\"SearchAction\",\"target\":{\"@type\":\"EntryPoint\",\"urlTemplate\":\"https:\/\/frogmi.com\/lp\/?s={search_term_string}\"},\"query-input\":{\"@type\":\"PropertyValueSpecification\",\"valueRequired\":true,\"valueName\":\"search_term_string\"}}],\"inLanguage\":\"es\"}]}<\/script>\n<!-- \/ Yoast SEO plugin. -->","yoast_head_json":{"title":"5 pillars to reach the perfect store - Frogmi","robots":{"index":"noindex","follow":"follow","max-snippet":"max-snippet:-1","max-image-preview":"max-image-preview:large","max-video-preview":"max-video-preview:-1"},"og_locale":"es_ES","og_type":"article","og_title":"5 pillars to reach the perfect store - Frogmi","og_url":"https:\/\/frogmi.com\/lp\/5-pillars-to-reach-the-perfect-store\/","og_site_name":"Frogmi","twitter_card":"summary_large_image","schema":{"@context":"https:\/\/schema.org","@graph":[{"@type":"WebPage","@id":"https:\/\/frogmi.com\/lp\/5-pillars-to-reach-the-perfect-store\/","url":"https:\/\/frogmi.com\/lp\/5-pillars-to-reach-the-perfect-store\/","name":"5 pillars to reach the perfect store - Frogmi","isPartOf":{"@id":"https:\/\/frogmi.com\/lp\/#website"},"datePublished":"2022-08-16T00:06:57+00:00","breadcrumb":{"@id":"https:\/\/frogmi.com\/lp\/5-pillars-to-reach-the-perfect-store\/#breadcrumb"},"inLanguage":"es","potentialAction":[{"@type":"ReadAction","target":["https:\/\/frogmi.com\/lp\/5-pillars-to-reach-the-perfect-store\/"]}]},{"@type":"BreadcrumbList","@id":"https:\/\/frogmi.com\/lp\/5-pillars-to-reach-the-perfect-store\/#breadcrumb","itemListElement":[{"@type":"ListItem","position":1,"name":"Portada","item":"https:\/\/frogmi.com\/lp\/"},{"@type":"ListItem","position":2,"name":"5 pillars to reach the perfect store"}]},{"@type":"WebSite","@id":"https:\/\/frogmi.com\/lp\/#website","url":"https:\/\/frogmi.com\/lp\/","name":"Frogmi","description":"Optimiza tu operaci\u00f3n, comunicaci\u00f3n y ejecuci\u00f3n en tienda.","potentialAction":[{"@type":"SearchAction","target":{"@type":"EntryPoint","urlTemplate":"https:\/\/frogmi.com\/lp\/?s={search_term_string}"},"query-input":{"@type":"PropertyValueSpecification","valueRequired":true,"valueName":"search_term_string"}}],"inLanguage":"es"}]}},"_links":{"self":[{"href":"https:\/\/frogmi.com\/lp\/wp-json\/wp\/v2\/pages\/233","targetHints":{"allow":["GET"]}}],"collection":[{"href":"https:\/\/frogmi.com\/lp\/wp-json\/wp\/v2\/pages"}],"about":[{"href":"https:\/\/frogmi.com\/lp\/wp-json\/wp\/v2\/types\/page"}],"author":[{"embeddable":true,"href":"https:\/\/frogmi.com\/lp\/wp-json\/wp\/v2\/users\/1"}],"replies":[{"embeddable":true,"href":"https:\/\/frogmi.com\/lp\/wp-json\/wp\/v2\/comments?post=233"}],"version-history":[{"count":1,"href":"https:\/\/frogmi.com\/lp\/wp-json\/wp\/v2\/pages\/233\/revisions"}],"predecessor-version":[{"id":234,"href":"https:\/\/frogmi.com\/lp\/wp-json\/wp\/v2\/pages\/233\/revisions\/234"}],"wp:attachment":[{"href":"https:\/\/frogmi.com\/lp\/wp-json\/wp\/v2\/media?parent=233"}],"curies":[{"name":"wp","href":"https:\/\/api.w.org\/{rel}","templated":true}]}}